{"id":413,"date":"2024-04-19T11:58:35","date_gmt":"2024-04-19T09:58:35","guid":{"rendered":"https:\/\/www.civiltek.es\/?page_id=413"},"modified":"2024-07-30T18:14:17","modified_gmt":"2024-07-30T16:14:17","slug":"blog","status":"publish","type":"page","link":"https:\/\/www.civiltek.es\/en\/blog\/","title":{"rendered":"Blog"},"content":{"rendered":"<div data-elementor-type=\"wp-page\" data-elementor-id=\"413\" class=\"elementor elementor-413\" data-elementor-post-type=\"page\">\n\t\t\t\t\t\t<section class=\"elementor-section elementor-top-section elementor-element elementor-element-5c48d202 elementor-section-boxed elementor-section-height-default elementor-section-height-default\" data-id=\"5c48d202\" data-element_type=\"section\" data-e-type=\"section\" data-settings=\"{&quot;background_background&quot;:&quot;video&quot;,&quot;background_video_link&quot;:&quot;https:\\\/\\\/www.civiltek.es\\\/wp-content\\\/uploads\\\/2024\\\/06\\\/civil-engineers-working-2024-04-12-09-33-25-utc.mp4&quot;,&quot;background_play_on_mobile&quot;:&quot;yes&quot;}\">\n\t\t\t\t\t\t\t\t<div class=\"elementor-background-video-container\">\n\t\t\t\t\t\t\t\t\t\t\t\t\t<video class=\"elementor-background-video-hosted\" role=\"presentation\" autoplay muted playsinline loop><\/video>\n\t\t\t\t\t\t\t\t\t\t\t<\/div>\n\t\t\t\t\t\t\t\t\t<div class=\"elementor-background-overlay\"><\/div>\n\t\t\t\t\t\t\t<div class=\"elementor-container elementor-column-gap-default\">\n\t\t\t\t\t<div class=\"elementor-column elementor-col-100 elementor-top-column elementor-element elementor-element-397dd4bc\" data-id=\"397dd4bc\" data-element_type=\"column\" data-e-type=\"column\" data-settings=\"{&quot;background_background&quot;:&quot;classic&quot;}\">\n\t\t\t<div class=\"elementor-widget-wrap elementor-element-populated\">\n\t\t\t\t\t\t<div class=\"elementor-element elementor-element-577ae2a4 elementor-invisible elementor-widget elementor-widget-heading\" data-id=\"577ae2a4\" data-element_type=\"widget\" data-e-type=\"widget\" data-settings=\"{&quot;_animation&quot;:&quot;fadeInUp&quot;}\" data-widget_type=\"heading.default\">\n\t\t\t\t<div class=\"elementor-widget-container\">\n\t\t\t\t\t<h1 class=\"elementor-heading-title elementor-size-default\">Blog<\/h1>\t\t\t\t<\/div>\n\t\t\t\t<\/div>\n\t\t\t\t\t<\/div>\n\t\t<\/div>\n\t\t\t\t\t<\/div>\n\t\t<\/section>\n\t\t\t\t<section class=\"elementor-section elementor-top-section elementor-element elementor-element-2eadd57b elementor-section-boxed elementor-section-height-default elementor-section-height-default\" data-id=\"2eadd57b\" data-element_type=\"section\" data-e-type=\"section\">\n\t\t\t\t\t\t<div class=\"elementor-container elementor-column-gap-default\">\n\t\t\t\t\t<div class=\"elementor-column elementor-col-100 elementor-top-column elementor-element elementor-element-2de4ce95\" data-id=\"2de4ce95\" data-element_type=\"column\" data-e-type=\"column\">\n\t\t\t<div class=\"elementor-widget-wrap elementor-element-populated\">\n\t\t\t\t\t\t<div class=\"elementor-element elementor-element-62a9a93 elementor-grid-3 elementor-grid-tablet-2 elementor-grid-mobile-1 elementor-posts--thumbnail-top elementor-posts--show-avatar elementor-card-shadow-yes elementor-posts__hover-gradient elementor-widget elementor-widget-posts\" data-id=\"62a9a93\" data-element_type=\"widget\" data-e-type=\"widget\" data-settings=\"{&quot;pagination_type&quot;:&quot;prev_next&quot;,&quot;cards_columns&quot;:&quot;3&quot;,&quot;cards_columns_tablet&quot;:&quot;2&quot;,&quot;cards_columns_mobile&quot;:&quot;1&quot;,&quot;cards_row_gap&quot;:{&quot;unit&quot;:&quot;px&quot;,&quot;size&quot;:35,&quot;sizes&quot;:[]},&quot;cards_row_gap_tablet&quot;:{&quot;unit&quot;:&quot;px&quot;,&quot;size&quot;:&quot;&quot;,&quot;sizes&quot;:[]},&quot;cards_row_gap_mobile&quot;:{&quot;unit&quot;:&quot;px&quot;,&quot;size&quot;:&quot;&quot;,&quot;sizes&quot;:[]}}\" data-widget_type=\"posts.cards\">\n\t\t\t\t<div class=\"elementor-widget-container\">\n\t\t\t\t\t\t\t<div class=\"elementor-posts-container elementor-posts elementor-posts--skin-cards elementor-grid\" role=\"list\">\n\t\t\t\t<article class=\"elementor-post elementor-grid-item post-784 post type-post status-publish format-standard has-post-thumbnail hentry category-consultoria tag-consultoria tag-externalizacion tag-licitaciones tag-ofertas-tecnicas\" role=\"listitem\">\n\t\t\t<div class=\"elementor-post__card\">\n\t\t\t\t<a class=\"elementor-post__thumbnail__link\" href=\"https:\/\/www.civiltek.es\/en\/beneficios-de-externalizar-la-preparacion-de-ofertas-tecnicas\/\" tabindex=\"-1\" ><div class=\"elementor-post__thumbnail\"><img fetchpriority=\"high\" decoding=\"async\" width=\"768\" height=\"512\" src=\"https:\/\/www.civiltek.es\/wp-content\/uploads\/2024\/04\/three-caucasian-engineers-discussing-over-digital-tablet-on-the-construction-site-768x512.jpg\" class=\"attachment-medium_large size-medium_large wp-image-458\" alt=\"Civiltek Ingenier\u00eda - Engineers\" srcset=\"https:\/\/www.civiltek.es\/wp-content\/uploads\/2024\/04\/three-caucasian-engineers-discussing-over-digital-tablet-on-the-construction-site-768x512.jpg 768w, https:\/\/www.civiltek.es\/wp-content\/uploads\/2024\/04\/three-caucasian-engineers-discussing-over-digital-tablet-on-the-construction-site-300x200.jpg 300w, https:\/\/www.civiltek.es\/wp-content\/uploads\/2024\/04\/three-caucasian-engineers-discussing-over-digital-tablet-on-the-construction-site-1024x683.jpg 1024w, https:\/\/www.civiltek.es\/wp-content\/uploads\/2024\/04\/three-caucasian-engineers-discussing-over-digital-tablet-on-the-construction-site-18x12.jpg 18w, https:\/\/www.civiltek.es\/wp-content\/uploads\/2024\/04\/three-caucasian-engineers-discussing-over-digital-tablet-on-the-construction-site.jpg 1080w\" sizes=\"(max-width: 768px) 100vw, 768px\" \/><\/div><\/a>\n\t\t\t\t<div class=\"elementor-post__badge\">Consultancy<\/div>\n\t\t\t\t<div class=\"elementor-post__avatar\">\n\t\t\t\t\t<\/div>\n\t\t\t\t<div class=\"elementor-post__text\">\n\t\t\t\t<h2 class=\"elementor-post__title\">\n\t\t\t<a href=\"https:\/\/www.civiltek.es\/en\/beneficios-de-externalizar-la-preparacion-de-ofertas-tecnicas\/\" >\n\t\t\t\tBenefits of Outsourcing the Preparation of Technical Offers\t\t\t<\/a>\n\t\t<\/h2>\n\t\t\t\t<div class=\"elementor-post__excerpt\">\n\t\t\t<p>In the competitive world of public works bidding, many construction companies face the challenge of preparing detailed and personalized technical offers. Outsourcing this process to a specialized company like CIVILTEK Ingenier\u00eda can offer multiple benefits. One of the main benefits is access to a multidisciplinary technical team with<\/p>\n\t\t<\/div>\n\t\t\t\t\t<div class=\"elementor-post__read-more-wrapper\">\n\t\t\n\t\t<a class=\"elementor-post__read-more\" href=\"https:\/\/www.civiltek.es\/en\/beneficios-de-externalizar-la-preparacion-de-ofertas-tecnicas\/\" aria-label=\"Read more about Beneficios de Externalizar la Preparaci\u00f3n de Ofertas T\u00e9cnicas\" tabindex=\"-1\" >\n\t\t\tRead more &quot;\t\t<\/a>\n\n\t\t\t\t\t<\/div>\n\t\t\t\t<\/div>\n\t\t\t\t<div class=\"elementor-post__meta-data\">\n\t\t\t\t\t<span class=\"elementor-post-date\">\n\t\t\tMay 22, 2024\t\t<\/span>\n\t\t\t\t<\/div>\n\t\t\t\t\t<\/div>\n\t\t<\/article>\n\t\t\t\t<article class=\"elementor-post elementor-grid-item post-782 post type-post status-publish format-standard has-post-thumbnail hentry category-gestion-de-proyectos tag-gestion-de-proyectos tag-licitaciones tag-optimizacion tag-programa-de-trabajos\" role=\"listitem\">\n\t\t\t<div class=\"elementor-post__card\">\n\t\t\t\t<a class=\"elementor-post__thumbnail__link\" href=\"https:\/\/www.civiltek.es\/en\/estrategias-para-optimizar-el-programa-de-trabajos-en-licitaciones\/\" tabindex=\"-1\" ><div class=\"elementor-post__thumbnail\"><img decoding=\"async\" width=\"768\" height=\"512\" src=\"https:\/\/www.civiltek.es\/wp-content\/uploads\/2024\/05\/industrial-worker-break-768x512.jpg\" class=\"attachment-medium_large size-medium_large wp-image-555\" alt=\"Civiltek Ingenier\u00eda - Worker\" srcset=\"https:\/\/www.civiltek.es\/wp-content\/uploads\/2024\/05\/industrial-worker-break-768x512.jpg 768w, https:\/\/www.civiltek.es\/wp-content\/uploads\/2024\/05\/industrial-worker-break-300x200.jpg 300w, https:\/\/www.civiltek.es\/wp-content\/uploads\/2024\/05\/industrial-worker-break-1024x683.jpg 1024w, https:\/\/www.civiltek.es\/wp-content\/uploads\/2024\/05\/industrial-worker-break-18x12.jpg 18w, https:\/\/www.civiltek.es\/wp-content\/uploads\/2024\/05\/industrial-worker-break.jpg 1080w\" sizes=\"(max-width: 768px) 100vw, 768px\" \/><\/div><\/a>\n\t\t\t\t<div class=\"elementor-post__badge\">Project management<\/div>\n\t\t\t\t<div class=\"elementor-post__avatar\">\n\t\t\t\t\t<\/div>\n\t\t\t\t<div class=\"elementor-post__text\">\n\t\t\t\t<h2 class=\"elementor-post__title\">\n\t\t\t<a href=\"https:\/\/www.civiltek.es\/en\/estrategias-para-optimizar-el-programa-de-trabajos-en-licitaciones\/\" >\n\t\t\t\tStrategies to Optimize the Bidding Work Program\t\t\t<\/a>\n\t\t<\/h2>\n\t\t\t\t<div class=\"elementor-post__excerpt\">\n\t\t\t<p>The work program is a critical component in public works bidding, as it details how project activities will be executed within established deadlines and budgets. At CIVILTEK Ingenier\u00eda, we have developed strategies to optimize these programs and meet the requirements of the PCAP (Pliego de<\/p>\n\t\t<\/div>\n\t\t\t\t\t<div class=\"elementor-post__read-more-wrapper\">\n\t\t\n\t\t<a class=\"elementor-post__read-more\" href=\"https:\/\/www.civiltek.es\/en\/estrategias-para-optimizar-el-programa-de-trabajos-en-licitaciones\/\" aria-label=\"Read more about Estrategias para Optimizar el Programa de Trabajos en Licitaciones\" tabindex=\"-1\" >\n\t\t\tRead more &quot;\t\t<\/a>\n\n\t\t\t\t\t<\/div>\n\t\t\t\t<\/div>\n\t\t\t\t<div class=\"elementor-post__meta-data\">\n\t\t\t\t\t<span class=\"elementor-post-date\">\n\t\t\tMay 22, 2024\t\t<\/span>\n\t\t\t\t<\/div>\n\t\t\t\t\t<\/div>\n\t\t<\/article>\n\t\t\t\t<article class=\"elementor-post elementor-grid-item post-780 post type-post status-publish format-standard has-post-thumbnail hentry category-licitaciones tag-licitaciones tag-memoria-descriptiva tag-obras-publicas tag-preparacion-de-ofertas\" role=\"listitem\">\n\t\t\t<div class=\"elementor-post__card\">\n\t\t\t\t<a class=\"elementor-post__thumbnail__link\" href=\"https:\/\/www.civiltek.es\/en\/la-importancia-de-la-memoria-descriptiva-en-las-licitaciones-de-obras-publicas\/\" tabindex=\"-1\" ><div class=\"elementor-post__thumbnail\"><img decoding=\"async\" width=\"768\" height=\"512\" src=\"https:\/\/www.civiltek.es\/wp-content\/uploads\/2024\/05\/industrial-portrait-of-male-and-female-construction-engineers-768x512.jpg\" class=\"attachment-medium_large size-medium_large wp-image-579\" alt=\"Civiltek Ingenier\u00eda - Civil Engineer\" srcset=\"https:\/\/www.civiltek.es\/wp-content\/uploads\/2024\/05\/industrial-portrait-of-male-and-female-construction-engineers-768x512.jpg 768w, https:\/\/www.civiltek.es\/wp-content\/uploads\/2024\/05\/industrial-portrait-of-male-and-female-construction-engineers-300x200.jpg 300w, https:\/\/www.civiltek.es\/wp-content\/uploads\/2024\/05\/industrial-portrait-of-male-and-female-construction-engineers-1024x683.jpg 1024w, https:\/\/www.civiltek.es\/wp-content\/uploads\/2024\/05\/industrial-portrait-of-male-and-female-construction-engineers-18x12.jpg 18w, https:\/\/www.civiltek.es\/wp-content\/uploads\/2024\/05\/industrial-portrait-of-male-and-female-construction-engineers.jpg 1080w\" sizes=\"(max-width: 768px) 100vw, 768px\" \/><\/div><\/a>\n\t\t\t\t<div class=\"elementor-post__badge\">Tenders<\/div>\n\t\t\t\t<div class=\"elementor-post__avatar\">\n\t\t\t\t\t<\/div>\n\t\t\t\t<div class=\"elementor-post__text\">\n\t\t\t\t<h2 class=\"elementor-post__title\">\n\t\t\t<a href=\"https:\/\/www.civiltek.es\/en\/la-importancia-de-la-memoria-descriptiva-en-las-licitaciones-de-obras-publicas\/\" >\n\t\t\t\tThe Importance of the Descriptive Report in Public Works Bidding\t\t\t<\/a>\n\t\t<\/h2>\n\t\t\t\t<div class=\"elementor-post__excerpt\">\n\t\t\t<p>In the world of public works bidding, the descriptive report is an essential document that can make the difference between winning or losing a project. This document must not only comply with the technical and regulatory requirements, but must also present the offer in an attractive and<\/p>\n\t\t<\/div>\n\t\t\t\t\t<div class=\"elementor-post__read-more-wrapper\">\n\t\t\n\t\t<a class=\"elementor-post__read-more\" href=\"https:\/\/www.civiltek.es\/en\/la-importancia-de-la-memoria-descriptiva-en-las-licitaciones-de-obras-publicas\/\" aria-label=\"Read more about La Importancia de la Memoria Descriptiva en las Licitaciones de Obras P\u00fablicas\" tabindex=\"-1\" >\n\t\t\tRead more &quot;\t\t<\/a>\n\n\t\t\t\t\t<\/div>\n\t\t\t\t<\/div>\n\t\t\t\t<div class=\"elementor-post__meta-data\">\n\t\t\t\t\t<span class=\"elementor-post-date\">\n\t\t\tMay 22, 2024\t\t<\/span>\n\t\t\t\t<\/div>\n\t\t\t\t\t<\/div>\n\t\t<\/article>\n\t\t\t\t<\/div>\n\t\t\n\t\t\t\t\t\t<\/div>\n\t\t\t\t<\/div>\n\t\t\t\t\t<\/div>\n\t\t<\/div>\n\t\t\t\t\t<\/div>\n\t\t<\/section>\n\t\t\t\t<\/div>","protected":false},"excerpt":{"rendered":"<p>Blog<\/p>","protected":false},"author":1,"featured_media":0,"parent":0,"menu_order":4,"comment_status":"closed","ping_status":"closed","template":"","meta":{"_joinchat":[],"footnotes":""},"class_list":["post-413","page","type-page","status-publish","hentry"],"yoast_head":"<!-- This site is optimized with the Yoast SEO plugin v27.4 - https:\/\/yoast.com\/product\/yoast-seo-wordpress\/ -->\n<title>Blog - CIVILTEK Ingenier\u00eda<\/title>\n<meta name=\"description\" content=\"Compartimos las \u00faltimas tendencias en licitaciones, ingenier\u00eda civil, industrial y ambiental. Descubre insights, consejos y casos de estudio que te ayudar\u00e1n a optimizar tus proyectos y conocer m\u00e1s sobre el sector.\" \/>\n<meta name=\"robots\" content=\"index, follow, max-snippet:-1, max-image-preview:large, max-video-preview:-1\" \/>\n<link rel=\"canonical\" href=\"https:\/\/www.civiltek.es\/en\/blog\/\" \/>\n<meta property=\"og:locale\" content=\"en_US\" \/>\n<meta property=\"og:type\" content=\"article\" \/>\n<meta property=\"og:title\" content=\"Blog - CIVILTEK Ingenier\u00eda\" \/>\n<meta property=\"og:description\" content=\"Compartimos las \u00faltimas tendencias en licitaciones, ingenier\u00eda civil, industrial y ambiental. Descubre insights, consejos y casos de estudio que te ayudar\u00e1n a optimizar tus proyectos y conocer m\u00e1s sobre el sector.\" \/>\n<meta property=\"og:url\" content=\"https:\/\/www.civiltek.es\/en\/blog\/\" \/>\n<meta property=\"og:site_name\" content=\"CIVILTEK Ingenier\u00eda\" \/>\n<meta property=\"article:modified_time\" content=\"2024-07-30T16:14:17+00:00\" \/>\n<meta property=\"og:image\" content=\"https:\/\/www.civiltek.es\/wp-content\/uploads\/2024\/04\/logo.png\" \/>\n\t<meta property=\"og:image:width\" content=\"1920\" \/>\n\t<meta property=\"og:image:height\" content=\"1307\" \/>\n\t<meta property=\"og:image:type\" content=\"image\/png\" \/>\n<meta name=\"twitter:card\" content=\"summary_large_image\" \/>\n<script type=\"application\/ld+json\" class=\"yoast-schema-graph\">{\"@context\":\"https:\\\/\\\/schema.org\",\"@graph\":[{\"@type\":\"WebPage\",\"@id\":\"https:\\\/\\\/www.civiltek.es\\\/blog\\\/\",\"url\":\"https:\\\/\\\/www.civiltek.es\\\/blog\\\/\",\"name\":\"Blog - CIVILTEK Ingenier\u00eda\",\"isPartOf\":{\"@id\":\"https:\\\/\\\/www.civiltek.es\\\/#website\"},\"datePublished\":\"2024-04-19T09:58:35+00:00\",\"dateModified\":\"2024-07-30T16:14:17+00:00\",\"description\":\"Compartimos las \u00faltimas tendencias en licitaciones, ingenier\u00eda civil, industrial y ambiental. Descubre insights, consejos y casos de estudio que te ayudar\u00e1n a optimizar tus proyectos y conocer m\u00e1s sobre el sector.\",\"breadcrumb\":{\"@id\":\"https:\\\/\\\/www.civiltek.es\\\/blog\\\/#breadcrumb\"},\"inLanguage\":\"en-US\",\"potentialAction\":[{\"@type\":\"ReadAction\",\"target\":[\"https:\\\/\\\/www.civiltek.es\\\/blog\\\/\"]}]},{\"@type\":\"BreadcrumbList\",\"@id\":\"https:\\\/\\\/www.civiltek.es\\\/blog\\\/#breadcrumb\",\"itemListElement\":[{\"@type\":\"ListItem\",\"position\":1,\"name\":\"Inicio\",\"item\":\"https:\\\/\\\/www.civiltek.es\\\/\"},{\"@type\":\"ListItem\",\"position\":2,\"name\":\"Blog\"}]},{\"@type\":\"WebSite\",\"@id\":\"https:\\\/\\\/www.civiltek.es\\\/#website\",\"url\":\"https:\\\/\\\/www.civiltek.es\\\/\",\"name\":\"CIVILTEK Ingenier\u00eda\",\"description\":\"Ofertas t\u00e9cnicas para licitaciones de obras y servicios\",\"publisher\":{\"@id\":\"https:\\\/\\\/www.civiltek.es\\\/#organization\"},\"potentialAction\":[{\"@type\":\"SearchAction\",\"target\":{\"@type\":\"EntryPoint\",\"urlTemplate\":\"https:\\\/\\\/www.civiltek.es\\\/?s={search_term_string}\"},\"query-input\":{\"@type\":\"PropertyValueSpecification\",\"valueRequired\":true,\"valueName\":\"search_term_string\"}}],\"inLanguage\":\"en-US\"},{\"@type\":\"Organization\",\"@id\":\"https:\\\/\\\/www.civiltek.es\\\/#organization\",\"name\":\"CIVILTEK Ingenier\u00eda\",\"url\":\"https:\\\/\\\/www.civiltek.es\\\/\",\"logo\":{\"@type\":\"ImageObject\",\"inLanguage\":\"en-US\",\"@id\":\"https:\\\/\\\/www.civiltek.es\\\/#\\\/schema\\\/logo\\\/image\\\/\",\"url\":\"https:\\\/\\\/www.civiltek.es\\\/wp-content\\\/uploads\\\/2024\\\/04\\\/favicon.png\",\"contentUrl\":\"https:\\\/\\\/www.civiltek.es\\\/wp-content\\\/uploads\\\/2024\\\/04\\\/favicon.png\",\"width\":426,\"height\":448,\"caption\":\"CIVILTEK Ingenier\u00eda\"},\"image\":{\"@id\":\"https:\\\/\\\/www.civiltek.es\\\/#\\\/schema\\\/logo\\\/image\\\/\"},\"sameAs\":[\"https:\\\/\\\/www.instagram.com\\\/civiltek\\\/\",\"https:\\\/\\\/www.linkedin.com\\\/company\\\/civiltek-ing\\\/\"]}]}<\/script>\n<!-- \/ Yoast SEO plugin. -->","yoast_head_json":{"title":"Blog - CIVILTEK Ingenier\u00eda","description":"We share the latest trends in tenders, civil, industrial and environmental engineering. Discover insights, tips and case studies that will help you optimize your projects and learn more about the sector.","robots":{"index":"index","follow":"follow","max-snippet":"max-snippet:-1","max-image-preview":"max-image-preview:large","max-video-preview":"max-video-preview:-1"},"canonical":"https:\/\/www.civiltek.es\/en\/blog\/","og_locale":"en_US","og_type":"article","og_title":"Blog - CIVILTEK Ingenier\u00eda","og_description":"Compartimos las \u00faltimas tendencias en licitaciones, ingenier\u00eda civil, industrial y ambiental. Descubre insights, consejos y casos de estudio que te ayudar\u00e1n a optimizar tus proyectos y conocer m\u00e1s sobre el sector.","og_url":"https:\/\/www.civiltek.es\/en\/blog\/","og_site_name":"CIVILTEK Ingenier\u00eda","article_modified_time":"2024-07-30T16:14:17+00:00","og_image":[{"width":1920,"height":1307,"url":"https:\/\/www.civiltek.es\/wp-content\/uploads\/2024\/04\/logo.png","type":"image\/png"}],"twitter_card":"summary_large_image","schema":{"@context":"https:\/\/schema.org","@graph":[{"@type":"WebPage","@id":"https:\/\/www.civiltek.es\/blog\/","url":"https:\/\/www.civiltek.es\/blog\/","name":"Blog - CIVILTEK Ingenier\u00eda","isPartOf":{"@id":"https:\/\/www.civiltek.es\/#website"},"datePublished":"2024-04-19T09:58:35+00:00","dateModified":"2024-07-30T16:14:17+00:00","description":"We share the latest trends in tenders, civil, industrial and environmental engineering. Discover insights, tips and case studies that will help you optimize your projects and learn more about the sector.","breadcrumb":{"@id":"https:\/\/www.civiltek.es\/blog\/#breadcrumb"},"inLanguage":"en-US","potentialAction":[{"@type":"ReadAction","target":["https:\/\/www.civiltek.es\/blog\/"]}]},{"@type":"BreadcrumbList","@id":"https:\/\/www.civiltek.es\/blog\/#breadcrumb","itemListElement":[{"@type":"ListItem","position":1,"name":"Inicio","item":"https:\/\/www.civiltek.es\/"},{"@type":"ListItem","position":2,"name":"Blog"}]},{"@type":"WebSite","@id":"https:\/\/www.civiltek.es\/#website","url":"https:\/\/www.civiltek.es\/","name":"CIVILTEK Ingenier\u00eda","description":"Technical offers for tenders for works and services","publisher":{"@id":"https:\/\/www.civiltek.es\/#organization"},"potentialAction":[{"@type":"SearchAction","target":{"@type":"EntryPoint","urlTemplate":"https:\/\/www.civiltek.es\/?s={search_term_string}"},"query-input":{"@type":"PropertyValueSpecification","valueRequired":true,"valueName":"search_term_string"}}],"inLanguage":"en-US"},{"@type":"Organization","@id":"https:\/\/www.civiltek.es\/#organization","name":"CIVILTEK Ingenier\u00eda","url":"https:\/\/www.civiltek.es\/","logo":{"@type":"ImageObject","inLanguage":"en-US","@id":"https:\/\/www.civiltek.es\/#\/schema\/logo\/image\/","url":"https:\/\/www.civiltek.es\/wp-content\/uploads\/2024\/04\/favicon.png","contentUrl":"https:\/\/www.civiltek.es\/wp-content\/uploads\/2024\/04\/favicon.png","width":426,"height":448,"caption":"CIVILTEK Ingenier\u00eda"},"image":{"@id":"https:\/\/www.civiltek.es\/#\/schema\/logo\/image\/"},"sameAs":["https:\/\/www.instagram.com\/civiltek\/","https:\/\/www.linkedin.com\/company\/civiltek-ing\/"]}]}},"_links":{"self":[{"href":"https:\/\/www.civiltek.es\/en\/wp-json\/wp\/v2\/pages\/413","targetHints":{"allow":["GET"]}}],"collection":[{"href":"https:\/\/www.civiltek.es\/en\/wp-json\/wp\/v2\/pages"}],"about":[{"href":"https:\/\/www.civiltek.es\/en\/wp-json\/wp\/v2\/types\/page"}],"author":[{"embeddable":true,"href":"https:\/\/www.civiltek.es\/en\/wp-json\/wp\/v2\/users\/1"}],"replies":[{"embeddable":true,"href":"https:\/\/www.civiltek.es\/en\/wp-json\/wp\/v2\/comments?post=413"}],"version-history":[{"count":25,"href":"https:\/\/www.civiltek.es\/en\/wp-json\/wp\/v2\/pages\/413\/revisions"}],"predecessor-version":[{"id":1233,"href":"https:\/\/www.civiltek.es\/en\/wp-json\/wp\/v2\/pages\/413\/revisions\/1233"}],"wp:attachment":[{"href":"https:\/\/www.civiltek.es\/en\/wp-json\/wp\/v2\/media?parent=413"}],"curies":[{"name":"wp","href":"https:\/\/api.w.org\/{rel}","templated":true}]}}